{"id":11,"date":"2017-06-03T17:04:48","date_gmt":"2017-06-03T15:04:48","guid":{"rendered":"http:\/\/www.cabinetjh.bzh\/?page_id=11"},"modified":"2023-04-13T09:50:35","modified_gmt":"2023-04-13T07:50:35","slug":"mentions-legales","status":"publish","type":"page","link":"https:\/\/www.cabinetjh.bzh\/index.php\/mentions-legales\/","title":{"rendered":"Mentions l\u00e9gales"},"content":{"rendered":"<p>[vc_row][vc_column][vc_empty_space height=\u00a0\u00bb22px\u00a0\u00bb][\/vc_column][\/vc_row][vc_row][vc_column width=\u00a0\u00bb2\/3&Prime;][vc_column_text]<\/p>\n<h3 style=\"text-align: left;\"><strong>Conditions d\u2019utilisation<\/strong><\/h3>\n<h4><\/h4>\n<p><strong>1-\u00a0Droit de propri\u00e9t\u00e9 intellectuelle<\/strong><\/p>\n<h6><\/h6>\n<p>Toute copie, modification, diffusion publique ou reproduction du contenu de ce site internet sans l\u2019autorisation \u00e9crite, pr\u00e9alable et expresse de l\u2019auteur d\u00e9tenteur du droit est interdite, sauf pour usage personnel ou tout autre usage express\u00e9ment pr\u00e9vu par la loi.<\/p>\n<h4><\/h4>\n<p><strong>2-\u00a0Utilisation de ce site internet<\/strong><\/p>\n<h6><\/h6>\n<p>Ce site internet, y compris et sans \u00eatre limitatif, toute information, d\u00e9claration, ou photographie contenus dans ce site internet, sont pr\u00e9sent\u00e9s sans aucune garantie, expresse ou tacite, que ce soit en terme d\u2019exactitude, d\u2019utilit\u00e9 ou de pr\u00e9cision. Nous d\u00e9clinons toute responsabilit\u00e9 pour des dommages r\u00e9sultant directement ou indirectement de l\u2019utilisation du site internet, y compris et sans \u00eatre limitatif, dommages directs ou indirects, dans la limite des lois en vigueur.<br \/>\nNous nous r\u00e9servons le droit de modifier ou d\u2019interrompre les op\u00e9rations du site internet \u00e0 notre discr\u00e9tion et sans information pr\u00e9alable.<\/p>\n<h4><\/h4>\n<p><strong>3-\u00a0Autres sites<\/strong><\/p>\n<h6><\/h6>\n<p>Le site internet du Cabinet JOUFFRE-HENRY peut contenir des liens vers d\u2019autres sites internet ; nous ne sommes pas responsables du contenu ou des pratiques en mati\u00e8re de protection des informations personnelles en vigueur sur ceux-ci.[\/vc_column_text][\/vc_column][vc_column width=\u00a0\u00bb1\/3&Prime;]<div class=\"aio-icon-component    style_3\"><div id=\"Info-box-wrap-7564\" class=\"aio-icon-box default-icon\" style=\"\"  ><div class=\"aio-icon-default\"><div class=\"ult-just-icon-wrapper  \"><div class=\"align-icon\" style=\"text-align:center;\">\n<div class=\"aio-icon none \"  style=\"color:#333;font-size:32px;display:inline-block;\">\n\t<i class=\"Defaults-book\"><\/i>\n<\/div><\/div><\/div><\/div><div class=\"aio-icon-header\" ><h3 class=\"aio-icon-title ult-responsive\"  data-ultimate-target='#Info-box-wrap-7564 .aio-icon-title'  data-responsive-json-new='{\"font-size\":\"\",\"line-height\":\"\"}'  style=\"\">Cr\u00e9ateur et \u00e9diteur du site :<\/h3><\/div> <!-- header --><div class=\"aio-icon-description ult-responsive\"  data-ultimate-target='#Info-box-wrap-7564 .aio-icon-description'  data-responsive-json-new='{\"font-size\":\"\",\"line-height\":\"\"}'  style=\"\"><\/p>\n<h6><strong>Cabinet JOUFFRE-HENRY<\/strong><\/h6>\n<h6>SARLU au capital de 5000 \u20ac<br \/>\nRCS Saint-Brieuc 839 042 405<br \/>\nCode APE : 7120B<br \/>\nSi\u00e8ge social : 3 Rue Rochonen \u2013 22800 Quintin \u2013 France<\/h6>\n<p><\/div> <!-- description --><\/div> <!-- aio-icon-box --><\/div> <!-- aio-icon-component --><div class=\"aio-icon-component    style_3\"><div id=\"Info-box-wrap-3922\" class=\"aio-icon-box default-icon\" style=\"\"  ><div class=\"aio-icon-default\"><div class=\"ult-just-icon-wrapper  \"><div class=\"align-icon\" style=\"text-align:center;\">\n<div class=\"aio-icon none \"  style=\"color:#333;font-size:32px;display:inline-block;\">\n\t<i class=\"Defaults-wordpress\"><\/i>\n<\/div><\/div><\/div><\/div><div class=\"aio-icon-header\" ><h3 class=\"aio-icon-title ult-responsive\"  data-ultimate-target='#Info-box-wrap-3922 .aio-icon-title'  data-responsive-json-new='{\"font-size\":\"\",\"line-height\":\"\"}'  style=\"\">Site r\u00e9alis\u00e9 avec :<\/h3><\/div> <!-- header --><div class=\"aio-icon-description ult-responsive\"  data-ultimate-target='#Info-box-wrap-3922 .aio-icon-description'  data-responsive-json-new='{\"font-size\":\"\",\"line-height\":\"\"}'  style=\"\"><\/p>\n<h6 style=\"text-align: left;\"><strong>WordPress <\/strong><\/h6>\n<h6>Site utilisant le syst\u00e8me de gestion de contenu WordPress.<\/h6>\n<h6><\/h6>\n<p><\/div> <!-- description --><\/div> <!-- aio-icon-box --><\/div> <!-- aio-icon-component --><div class=\"aio-icon-component    style_3\"><div id=\"Info-box-wrap-1813\" class=\"aio-icon-box default-icon\" style=\"\"  ><div class=\"aio-icon-default\"><div class=\"ult-just-icon-wrapper  \"><div class=\"align-icon\" style=\"text-align:center;\">\n<div class=\"aio-icon none \"  style=\"color:#333;font-size:32px;display:inline-block;\">\n\t<i class=\"Defaults-building-o\"><\/i>\n<\/div><\/div><\/div><\/div><div class=\"aio-icon-header\" ><h3 class=\"aio-icon-title ult-responsive\"  data-ultimate-target='#Info-box-wrap-1813 .aio-icon-title'  data-responsive-json-new='{\"font-size\":\"\",\"line-height\":\"\"}'  style=\"\">H\u00e9bergeur du site :<\/h3><\/div> <!-- header --><div class=\"aio-icon-description ult-responsive\"  data-ultimate-target='#Info-box-wrap-1813 .aio-icon-description'  data-responsive-json-new='{\"font-size\":\"\",\"line-height\":\"\"}'  style=\"\"><\/p>\n<h6 style=\"text-align: left;\"><strong>OVH <\/strong><\/h6>\n<h6 style=\"text-align: left;\">SAS au capital de 500 K\u20ac<\/h6>\n<h6 style=\"text-align: left;\">RCS Roubaix &#8211; Tourcoing 424 761 419 00045<br \/>\nCode APE : 6202A<br \/>\nN\u00b0 TVA : FR 22 424 761 419<br \/>\nSi\u00e8ge social : 2 rue Kellermann &#8211; 59100 Roubaix &#8211; France<\/h6>\n<p><\/div> <!-- description --><\/div> <!-- aio-icon-box --><\/div> <!-- aio-icon-component -->[vc_btn title=\u00a0\u00bb-\u00a0\u00bb color=\u00a0\u00bbwhite\u00a0\u00bb link=\u00a0\u00bburl:https%3A%2F%2Fwww.cabinetjh.bzh%2Findex.php%2Ffactures-impayees%2F|title:Fichier%20des%20factures%20impay%C3%A9es%20%3A||\u00a0\u00bb][\/vc_column][\/vc_row]<\/p>\n","protected":false},"excerpt":{"rendered":"<p>[vc_row][vc_column][vc_empty_space height=\u00a0\u00bb22px\u00a0\u00bb][\/vc_column][\/vc_row][vc_row][vc_column width=\u00a0\u00bb2\/3&Prime;][vc_column_text] Conditions d\u2019utilisation 1-\u00a0Droit de propri\u00e9t\u00e9 intellectuelle Toute copie, modification, diffusion publique ou reproduction du contenu de ce site internet sans l\u2019autorisation \u00e9crite, pr\u00e9alable et expresse de l\u2019auteur d\u00e9tenteur du droit est interdite, sauf pour usage personnel ou [&hellip;]<\/p>\n","protected":false},"author":1,"featured_media":4,"parent":0,"menu_order":0,"comment_status":"closed","ping_status":"closed","template":"","meta":[],"_links":{"self":[{"href":"https:\/\/www.cabinetjh.bzh\/index.php\/wp-json\/wp\/v2\/pages\/11"}],"collection":[{"href":"https:\/\/www.cabinetjh.bzh\/index.php\/wp-json\/wp\/v2\/pages"}],"about":[{"href":"https:\/\/www.cabinetjh.bzh\/index.php\/wp-json\/wp\/v2\/types\/page"}],"author":[{"embeddable":true,"href":"https:\/\/www.cabinetjh.bzh\/index.php\/wp-json\/wp\/v2\/users\/1"}],"replies":[{"embeddable":true,"href":"https:\/\/www.cabinetjh.bzh\/index.php\/wp-json\/wp\/v2\/comments?post=11"}],"version-history":[{"count":35,"href":"https:\/\/www.cabinetjh.bzh\/index.php\/wp-json\/wp\/v2\/pages\/11\/revisions"}],"predecessor-version":[{"id":1199,"href":"https:\/\/www.cabinetjh.bzh\/index.php\/wp-json\/wp\/v2\/pages\/11\/revisions\/1199"}],"wp:featuredmedia":[{"embeddable":true,"href":"https:\/\/www.cabinetjh.bzh\/index.php\/wp-json\/wp\/v2\/media\/4"}],"wp:attachment":[{"href":"https:\/\/www.cabinetjh.bzh\/index.php\/wp-json\/wp\/v2\/media?parent=11"}],"curies":[{"name":"wp","href":"https:\/\/api.w.org\/{rel}","templated":true}]}}